{"id":3,"date":"2022-09-01T13:41:22","date_gmt":"2022-09-01T13:41:22","guid":{"rendered":"https:\/\/tribuassurances.com\/?page_id=3"},"modified":"2023-09-12T17:43:35","modified_gmt":"2023-09-12T17:43:35","slug":"privacy-policy","status":"publish","type":"page","link":"https:\/\/tribuassurances.com\/index.php\/privacy-policy\/","title":{"rendered":"Politique de confidentialit\u00e9 et protection des renseignements personnels"},"content":{"rendered":"\n<p>Tribu Assurances respecte le droit \u00e0 la protection des renseignements personnels conform\u00e9ment aux lois du Qu\u00e9bec et du Canada relativement \u00e0 la protection de la vie priv\u00e9e.<\/p>\n\n\n\n<p>Tribu Assurances peut \u00eatre appel\u00e9 \u00e0 recueillir des informations personnelles \u00e0 votre sujet par le biais du site, toutefois, ces renseignements sont uniquement recueillis afin de communiquer avec vous, de vous fournir les renseignements dont vous avez besoin ou toute autre information n\u00e9cessaire.\u00a0Les informations personnelles recueillies permettent \u00e0 Tribu Assurances d\u2019ouvrir un compte \u00e0 votre nom, de traiter votre commande ainsi qu\u2019\u00e0 l\u2019\u00e9tablissement de statistiques.<\/p>\n\n\n\n<p>Lorsque vous visitez ce site, seule l\u2019adresse IP de votre ordinateur est relev\u00e9e, le type d&rsquo;appareil utilis\u00e9 et le pays, mais elle n\u2019est reli\u00e9e \u00e0 aucune donn\u00e9e personnelle.<\/p>\n\n\n\n<p>Si vous vous abonnez \u00e0 notre infolettre ou que vous achetez un de nos produits, votre adresse courriel sera conserv\u00e9e dans une base de donn\u00e9es, en parfait conformit\u00e9 avec la loi anti-pourriel C-28.<\/p>\n\n\n\n<p>Seuls les employ\u00e9s de Tribu Assurances ont acc\u00e8s \u00e0 l\u2019information que vous aurez transmise sur le site.<\/p>\n\n\n\n<p>En aucun cas Tribu Assurances ne communique, ne vend ou ne loue sa liste d\u2019abonn\u00e9s \u00e0 une tierce partie.<\/p>\n\n\n\n<p>En remplissant les formulaires ou questionnaires soumis par Tribu Assurances, vous acceptez que ces informations soient utilis\u00e9es \u00e0 des fins commerciales, dans les conditions ci-dessus indiqu\u00e9es. Vous pouvez, \u00e0 tout moment, corriger ou vous opposer au traitement des informations vous concernant, en nous contactant par courriel \u00e0 l\u2019adresse suivante: info@tribuassurances.com<\/p>\n\n\n\n<p>En aucun cas, nous vous demanderons de nous fournir des donn\u00e9es \u00e0 caract\u00e8res confidentielles (num\u00e9ro de carte bancaire, Mot de passe etc) par courriel.<br>Par ailleurs, il vous est fortement sugg\u00e9r\u00e9 de prendre toutes les mesures n\u00e9cessaires afin de prot\u00e9ger vos donn\u00e9es personnelles lors de la navigation sur le web en g\u00e9n\u00e9ral.<\/p>\n\n\n\n<p><strong>V\u00e9rification des&nbsp;<a href=\"https:\/\/myaccount.google.com\/privacycheckup?utm_source=pp&amp;utm_medium=Promo-in-product&amp;utm_campaign=pp_intro&amp;pli=1\">param\u00e8tres de confidentialit\u00e9 sur Google<\/a><\/strong><\/p>\n\n\n\n<h3 class=\"wp-block-heading\">Fichiers journaux et t\u00e9moins<\/h3>\n\n\n\n<p>Tribu Assurances utilise les services de Google Analytics, qui recueille certaines informations par le biais de fichiers journaux (log file) et de fichiers t\u00e9moins (cookies). Il s\u2019agit principalement des informations suivantes:<\/p>\n\n\n\n<p>-Adresse IP<br>-Syst\u00e8me d\u2019exploitation<br>-Pages visit\u00e9es et requ\u00eates<br>-Heure et jour de connexion<\/p>\n\n\n\n<p>Le recours \u00e0 de tels fichiers nous permet d\u2019am\u00e9liorer notre service et aux fins de statistiques. Nous ne recueillons aucune information permettant \u00e0 Google Analytics d\u2019identifier personnellement un individu.<\/p>\n\n\n\n<p>Nous utilisons aussi les services d\u2019audiences personnalis\u00e9es de Facebook qui utilise des fichiers t\u00e9moins pour suivre les visiteurs de ce site web et cr\u00e9er des publicit\u00e9s cibl\u00e9es pour nos produits ou services.<\/p>\n\n\n\n<h3 class=\"wp-block-heading\"><strong>Formulaire de contact<\/strong><\/h3>\n\n\n\n<p>En remplissant le formulaire de contact int\u00e9gr\u00e9 sur ce site web, vous consentez \u00e0 ce que Tribu Assurances conserve les renseignements qui y sont inscrits. Cette collecte s\u2019effectue dans l\u2019unique but de communiquer avec vous ou de vous soumettre une offre de services ou vous donner de l\u2019information quant aux services offerts par Tribu Assurances ou toute autre information pertinente. Tribu Assurances n\u2019est pas responsable des communications qui vous sont achemin\u00e9es en raison de l\u2019inscription par un tiers de vos informations dans le formulaire de contact. Tribu Assurances n\u2019est \u00e9galement pas responsable du d\u00e9faut de r\u00e9ponse d\u00fb \u00e0 des erreurs d\u2019inscriptions ou des fautes de frappes et\/ou d\u2019orthographe via notre formulaire de contact. Tribu Assurances n\u2019offre aucune garantie de r\u00e9ponse relativement au formulaire de contact int\u00e9gr\u00e9 au site. En aucun cas, l\u2019utilisation du formulaire de contact int\u00e9gr\u00e9 \u00e0 ce site ne doit \u00eatre interpr\u00e9t\u00e9e comme une acceptation d&rsquo;un mandat\/contrat par Tribu Assurances.<\/p>\n\n\n\n<h3 class=\"wp-block-heading\">Droit d\u2019opposition et de retrait<\/h3>\n\n\n\n<p>Vous pouvez en tout temps vous soustraire aux fichiers t\u00e9moins (cookies), en vidant le cache et en supprimant les cookies de votre navigateur .<\/p>\n\n\n\n<p>Vous pouvez aussi vous rendre sur le site\u00a0<a href=\"http:\/\/optout.aboutads.info\/?c=3&amp;lang=fr\" target=\"_blank\" rel=\"noreferrer noopener\">http:\/\/www.aboutads.info\/choices\/<\/a>\u00a0pour trouver la proc\u00e9dure vous permettant de vous soustraire aux publicit\u00e9s cibl\u00e9es de Facebook et autres sites..<\/p>\n\n\n\n<p><strong>Responsable des donn\u00e9es: Francis Addy &#8211; 438.398.8273<\/strong><\/p>\n","protected":false},"excerpt":{"rendered":"<p>Tribu Assurances respecte le droit \u00e0 la protection des renseignements personnels conform\u00e9ment aux lois du Qu\u00e9bec et du Canada relativement \u00e0 la protection de la vie<span class=\"excerpt-hellip\"> [\u2026]<\/span><\/p>\n","protected":false},"author":1,"featured_media":0,"parent":0,"menu_order":0,"comment_status":"closed","ping_status":"open","template":"","meta":{"footnotes":""},"class_list":["post-3","page","type-page","status-publish","hentry"],"yoast_head":"<!-- This site is optimized with the Yoast SEO plugin v27.4 - https:\/\/yoast.com\/product\/yoast-seo-wordpress\/ -->\n<title>Politique de confidentialit\u00e9 et protection des renseignements personnels - Tribu Assurances<\/title>\n<meta name=\"robots\" content=\"index, follow, max-snippet:-1, max-image-preview:large, max-video-preview:-1\" \/>\n<link rel=\"canonical\" href=\"https:\/\/tribuassurances.com\/index.php\/privacy-policy\/\" \/>\n<meta property=\"og:locale\" content=\"fr_FR\" \/>\n<meta property=\"og:type\" content=\"article\" \/>\n<meta property=\"og:title\" content=\"Politique de confidentialit\u00e9 et protection des renseignements personnels - Tribu Assurances\" \/>\n<meta property=\"og:description\" content=\"Tribu Assurances respecte le droit \u00e0 la protection des renseignements personnels conform\u00e9ment aux lois du Qu\u00e9bec et du Canada relativement \u00e0 la protection de la vie [\u2026]\" \/>\n<meta property=\"og:url\" content=\"https:\/\/tribuassurances.com\/index.php\/privacy-policy\/\" \/>\n<meta property=\"og:site_name\" content=\"Tribu Assurances\" \/>\n<meta property=\"article:modified_time\" content=\"2023-09-12T17:43:35+00:00\" \/>\n<meta name=\"twitter:card\" content=\"summary_large_image\" \/>\n<meta name=\"twitter:label1\" content=\"Dur\u00e9e de lecture estim\u00e9e\" \/>\n\t<meta name=\"twitter:data1\" content=\"4 minutes\" \/>\n<script type=\"application\/ld+json\" class=\"yoast-schema-graph\">{\"@context\":\"https:\\\/\\\/schema.org\",\"@graph\":[{\"@type\":\"WebPage\",\"@id\":\"https:\\\/\\\/tribuassurances.com\\\/index.php\\\/privacy-policy\\\/\",\"url\":\"https:\\\/\\\/tribuassurances.com\\\/index.php\\\/privacy-policy\\\/\",\"name\":\"Politique de confidentialit\u00e9 et protection des renseignements personnels - Tribu Assurances\",\"isPartOf\":{\"@id\":\"https:\\\/\\\/tribuassurances.com\\\/#website\"},\"datePublished\":\"2022-09-01T13:41:22+00:00\",\"dateModified\":\"2023-09-12T17:43:35+00:00\",\"breadcrumb\":{\"@id\":\"https:\\\/\\\/tribuassurances.com\\\/index.php\\\/privacy-policy\\\/#breadcrumb\"},\"inLanguage\":\"fr-FR\",\"potentialAction\":[{\"@type\":\"ReadAction\",\"target\":[\"https:\\\/\\\/tribuassurances.com\\\/index.php\\\/privacy-policy\\\/\"]}]},{\"@type\":\"BreadcrumbList\",\"@id\":\"https:\\\/\\\/tribuassurances.com\\\/index.php\\\/privacy-policy\\\/#breadcrumb\",\"itemListElement\":[{\"@type\":\"ListItem\",\"position\":1,\"name\":\"Home\",\"item\":\"https:\\\/\\\/tribuassurances.com\\\/\"},{\"@type\":\"ListItem\",\"position\":2,\"name\":\"Politique de confidentialit\u00e9 et protection des renseignements personnels\"}]},{\"@type\":\"WebSite\",\"@id\":\"https:\\\/\\\/tribuassurances.com\\\/#website\",\"url\":\"https:\\\/\\\/tribuassurances.com\\\/\",\"name\":\"Tribu Assurances\",\"description\":\"Une fa\u00e7on diff\u00e9rente de faire l&#039;assurance collective\",\"potentialAction\":[{\"@type\":\"SearchAction\",\"target\":{\"@type\":\"EntryPoint\",\"urlTemplate\":\"https:\\\/\\\/tribuassurances.com\\\/?s={search_term_string}\"},\"query-input\":{\"@type\":\"PropertyValueSpecification\",\"valueRequired\":true,\"valueName\":\"search_term_string\"}}],\"inLanguage\":\"fr-FR\"}]}<\/script>\n<!-- \/ Yoast SEO plugin. -->","yoast_head_json":{"title":"Politique de confidentialit\u00e9 et protection des renseignements personnels - Tribu Assurances","robots":{"index":"index","follow":"follow","max-snippet":"max-snippet:-1","max-image-preview":"max-image-preview:large","max-video-preview":"max-video-preview:-1"},"canonical":"https:\/\/tribuassurances.com\/index.php\/privacy-policy\/","og_locale":"fr_FR","og_type":"article","og_title":"Politique de confidentialit\u00e9 et protection des renseignements personnels - Tribu Assurances","og_description":"Tribu Assurances respecte le droit \u00e0 la protection des renseignements personnels conform\u00e9ment aux lois du Qu\u00e9bec et du Canada relativement \u00e0 la protection de la vie [\u2026]","og_url":"https:\/\/tribuassurances.com\/index.php\/privacy-policy\/","og_site_name":"Tribu Assurances","article_modified_time":"2023-09-12T17:43:35+00:00","twitter_card":"summary_large_image","twitter_misc":{"Dur\u00e9e de lecture estim\u00e9e":"4 minutes"},"schema":{"@context":"https:\/\/schema.org","@graph":[{"@type":"WebPage","@id":"https:\/\/tribuassurances.com\/index.php\/privacy-policy\/","url":"https:\/\/tribuassurances.com\/index.php\/privacy-policy\/","name":"Politique de confidentialit\u00e9 et protection des renseignements personnels - Tribu Assurances","isPartOf":{"@id":"https:\/\/tribuassurances.com\/#website"},"datePublished":"2022-09-01T13:41:22+00:00","dateModified":"2023-09-12T17:43:35+00:00","breadcrumb":{"@id":"https:\/\/tribuassurances.com\/index.php\/privacy-policy\/#breadcrumb"},"inLanguage":"fr-FR","potentialAction":[{"@type":"ReadAction","target":["https:\/\/tribuassurances.com\/index.php\/privacy-policy\/"]}]},{"@type":"BreadcrumbList","@id":"https:\/\/tribuassurances.com\/index.php\/privacy-policy\/#breadcrumb","itemListElement":[{"@type":"ListItem","position":1,"name":"Home","item":"https:\/\/tribuassurances.com\/"},{"@type":"ListItem","position":2,"name":"Politique de confidentialit\u00e9 et protection des renseignements personnels"}]},{"@type":"WebSite","@id":"https:\/\/tribuassurances.com\/#website","url":"https:\/\/tribuassurances.com\/","name":"Tribu Assurances","description":"Une fa\u00e7on diff\u00e9rente de faire l&#039;assurance collective","potentialAction":[{"@type":"SearchAction","target":{"@type":"EntryPoint","urlTemplate":"https:\/\/tribuassurances.com\/?s={search_term_string}"},"query-input":{"@type":"PropertyValueSpecification","valueRequired":true,"valueName":"search_term_string"}}],"inLanguage":"fr-FR"}]}},"_links":{"self":[{"href":"https:\/\/tribuassurances.com\/index.php\/wp-json\/wp\/v2\/pages\/3","targetHints":{"allow":["GET"]}}],"collection":[{"href":"https:\/\/tribuassurances.com\/index.php\/wp-json\/wp\/v2\/pages"}],"about":[{"href":"https:\/\/tribuassurances.com\/index.php\/wp-json\/wp\/v2\/types\/page"}],"author":[{"embeddable":true,"href":"https:\/\/tribuassurances.com\/index.php\/wp-json\/wp\/v2\/users\/1"}],"replies":[{"embeddable":true,"href":"https:\/\/tribuassurances.com\/index.php\/wp-json\/wp\/v2\/comments?post=3"}],"version-history":[{"count":1,"href":"https:\/\/tribuassurances.com\/index.php\/wp-json\/wp\/v2\/pages\/3\/revisions"}],"predecessor-version":[{"id":270,"href":"https:\/\/tribuassurances.com\/index.php\/wp-json\/wp\/v2\/pages\/3\/revisions\/270"}],"wp:attachment":[{"href":"https:\/\/tribuassurances.com\/index.php\/wp-json\/wp\/v2\/media?parent=3"}],"curies":[{"name":"wp","href":"https:\/\/api.w.org\/{rel}","templated":true}]}}